{"id":7,"date":"2009-10-21T19:52:54","date_gmt":"2009-10-21T16:52:54","guid":{"rendered":"http:\/\/avocat.redesignyourself.ro\/?page_id=7"},"modified":"2010-06-22T20:22:37","modified_gmt":"2010-06-22T17:22:37","slug":"servicii","status":"publish","type":"page","link":"https:\/\/www.cosuletu-asociatii.ro\/de\/servicii","title":{"rendered":"Dienstleistungen"},"content":{"rendered":"<p><\/p>\n<p style=\"text-align: justify;\">Cosuletu &amp; Asociatii (Cosuletu &#038; Partner) bietet an: Rechtsberatung, Erstellen von Vertr\u00e4gen, Gestaltung von Transaktionen, Verhandlung, Vertretung vor Gericht  und Vermittlung in allen Fachbereichen:  \u00d6ffentliche Anschaffungen, Betreiben und Verwaltung der Handelsgesellschaften, Fusionen und \u00dcbernahmen, Privatisierungen, Kapitalmarkt, Immobilien, Arbeitsverh\u00e4ltnisse, geistiges Eigentum, Medien und Telekommunikation.<\/p>\n<p style=\"text-align: justify;\">\n<p><\/p>","protected":false},"excerpt":{"rendered":"<p>Cosuletu &amp; Asociatii (Cosuletu &#038; Partner) bietet an: Rechtsberatung, Erstellen von Vertr\u00e4gen, Gestaltung von Transaktionen, Verhandlung, Vertretung vor Gericht  und Vermittlung in allen Fachbereichen:  \u00d6ffentliche Anschaffungen, Betreiben und Verwaltung der Handelsgesellschaften, Fusionen und \u00dcbernahmen, Privatisierungen, Kapitalmarkt, Immobilien, Arbeitsverh\u00e4ltnisse, geistiges Eigentum, Medien und Telekommunikation.<\/p>\n","protected":false},"author":1001004,"featured_media":0,"parent":0,"menu_order":0,"comment_status":"open","ping_status":"open","template":"servicii1.php","meta":{"footnotes":""},"class_list":["post-7","page","type-page","status-publish","hentry"],"aioseo_notices":[],"_links":{"self":[{"href":"https:\/\/www.cosuletu-asociatii.ro\/de\/wp-json\/wp\/v2\/pages\/7","targetHints":{"allow":["GET"]}}],"collection":[{"href":"https:\/\/www.cosuletu-asociatii.ro\/de\/wp-json\/wp\/v2\/pages"}],"about":[{"href":"https:\/\/www.cosuletu-asociatii.ro\/de\/wp-json\/wp\/v2\/types\/page"}],"author":[{"embeddable":true,"href":"https:\/\/www.cosuletu-asociatii.ro\/de\/wp-json\/wp\/v2\/users\/1001004"}],"replies":[{"embeddable":true,"href":"https:\/\/www.cosuletu-asociatii.ro\/de\/wp-json\/wp\/v2\/comments?post=7"}],"version-history":[{"count":11,"href":"https:\/\/www.cosuletu-asociatii.ro\/de\/wp-json\/wp\/v2\/pages\/7\/revisions"}],"predecessor-version":[{"id":170,"href":"https:\/\/www.cosuletu-asociatii.ro\/de\/wp-json\/wp\/v2\/pages\/7\/revisions\/170"}],"wp:attachment":[{"href":"https:\/\/www.cosuletu-asociatii.ro\/de\/wp-json\/wp\/v2\/media?parent=7"}],"curies":[{"name":"wp","href":"https:\/\/api.w.org\/{rel}","templated":true}]}}