{"id":66,"date":"2009-11-14T23:15:54","date_gmt":"2009-11-14T20:15:54","guid":{"rendered":"http:\/\/avocat.redesignyourself.ro\/?page_id=66"},"modified":"2010-06-22T20:44:36","modified_gmt":"2010-06-22T17:44:36","slug":"reprezentare-si-asistenta-juridica","status":"publish","type":"page","link":"https:\/\/www.cosuletu-asociatii.ro\/de\/servicii\/reprezentare-si-asistenta-juridica","title":{"rendered":"Vertretung vor Gericht und Rechtsberatung"},"content":{"rendered":"<p><!-- \t\t@page { margin: 0.79in } \t\tP { margin-bottom: 0.08in } --><\/p>\n<p style=\"text-align: justify;\" lang=\"en-US\">Rechtsberatung und Vertretung vor Gerichten und Schiedsgerichten sind die grundlegenden T\u00e4tigkeiten unserer Praxis. Die Aufstellung einer geeigneten und erfolgreichen Strategie ist nur aufgrund weitgehender fachlicher Erfahrung und einer ausgezeichneten theoretischen Vorbereitung m\u00f6glich.<\/p>\n<p style=\"text-align: justify;\">Im Laufe der Zeit waren wir in handelsrechtlichen Rechtsstreiten involviert, mit Gegenst\u00e4nden wie Aktienk\u00e4ufe und \u2013verk\u00e4ufe, Privatisierung von Handelsgesellschaften, Nichtdurchf\u00fchrung von Vertr\u00e4gen, Rechtsstreite verwalterischer und finanzieller Natur, Rechtstreite betreffend Industrieeigentum, wobei wir rum\u00e4nische und ausl\u00e4ndische Gesellschaften, so wie \u00f6ffentliche lokale Beh\u00f6rden vertreten haben.<\/p>\n<p lang=\"en-US\">\n<p><\/p>","protected":false},"excerpt":{"rendered":"<p>Rechtsberatung und Vertretung vor Gerichten und Schiedsgerichten sind die grundlegenden T\u00e4tigkeiten unserer Praxis. Die Aufstellung einer geeigneten und erfolgreichen Strategie ist nur aufgrund weitgehender fachlicher Erfahrung und einer ausgezeichneten theoretischen Vorbereitung m\u00f6glich.<br \/>\nIm Laufe der Zeit waren wir in handelsrechtlichen Rechtsstreiten involviert, mit Gegenst\u00e4nden wie Aktienk\u00e4ufe und \u2013verk\u00e4ufe, Privatisierung von Handelsgesellschaften, Nichtdurchf\u00fchrung von Vertr\u00e4gen, Rechtsstreite verwalterischer und finanzieller Natur, Rechtstreite betreffend Industrieeigentum, wobei wir rum\u00e4nische und ausl\u00e4ndische Gesellschaften, so wie \u00f6ffentliche lokale Beh\u00f6rden vertreten haben.<\/p>\n","protected":false},"author":1001004,"featured_media":0,"parent":7,"menu_order":3,"comment_status":"open","ping_status":"open","template":"servicii1.php","meta":{"footnotes":""},"class_list":["post-66","page","type-page","status-publish","hentry"],"aioseo_notices":[],"_links":{"self":[{"href":"https:\/\/www.cosuletu-asociatii.ro\/de\/wp-json\/wp\/v2\/pages\/66","targetHints":{"allow":["GET"]}}],"collection":[{"href":"https:\/\/www.cosuletu-asociatii.ro\/de\/wp-json\/wp\/v2\/pages"}],"about":[{"href":"https:\/\/www.cosuletu-asociatii.ro\/de\/wp-json\/wp\/v2\/types\/page"}],"author":[{"embeddable":true,"href":"https:\/\/www.cosuletu-asociatii.ro\/de\/wp-json\/wp\/v2\/users\/1001004"}],"replies":[{"embeddable":true,"href":"https:\/\/www.cosuletu-asociatii.ro\/de\/wp-json\/wp\/v2\/comments?post=66"}],"version-history":[{"count":10,"href":"https:\/\/www.cosuletu-asociatii.ro\/de\/wp-json\/wp\/v2\/pages\/66\/revisions"}],"predecessor-version":[{"id":388,"href":"https:\/\/www.cosuletu-asociatii.ro\/de\/wp-json\/wp\/v2\/pages\/66\/revisions\/388"}],"up":[{"embeddable":true,"href":"https:\/\/www.cosuletu-asociatii.ro\/de\/wp-json\/wp\/v2\/pages\/7"}],"wp:attachment":[{"href":"https:\/\/www.cosuletu-asociatii.ro\/de\/wp-json\/wp\/v2\/media?parent=66"}],"curies":[{"name":"wp","href":"https:\/\/api.w.org\/{rel}","templated":true}]}}