{"id":64,"date":"2009-11-14T23:15:28","date_gmt":"2009-11-14T20:15:28","guid":{"rendered":"http:\/\/avocat.redesignyourself.ro\/?page_id=64"},"modified":"2010-06-22T20:41:20","modified_gmt":"2010-06-22T17:41:20","slug":"negociere","status":"publish","type":"page","link":"https:\/\/www.cosuletu-asociatii.ro\/de\/servicii\/negociere","title":{"rendered":"Verhandlung"},"content":{"rendered":"<p><\/p>\n<div id=\"paginare\">\n<p><span style=\"font-family:Verdana;font-size:33px;color:#393939;font-weight:normal;\">Diese Seite befindet sich zur Zeit im Aufbau.<\/span><\/p>\n<p>\n<a href=\"\/\" style=\"color:#363F4E;font-weightold;\">Cosuletu&#038;Asociatii<\/a> (Cosuletu &#038; Partner) ist eine Rechtsanw\u00e4ltegesellschaft die Rechtsberatung und Vertretung zu h\u00f6chsten Standards bietet, und sich dabei vor allem an Handelsgesellschaften, \u00f6ffentliche Beh\u00f6rden und Nichtregierungsorganisationen wendet. <\/div>\n<p><\/p>","protected":false},"excerpt":{"rendered":"<p>Diese Seite befindet sich zur Zeit im Aufbau.<\/p>\n<p>Cosuletu&#038;Asociatii (Cosuletu &#038; Partner) ist eine Rechtsanw\u00e4ltegesellschaft die Rechtsberatung und Vertretung zu h\u00f6chsten Standards bietet, und sich dabei vor allem an Handelsgesellschaften, \u00f6ffentliche Beh\u00f6rden und Nichtregierungsorganisationen wendet. <\/p>\n","protected":false},"author":1001004,"featured_media":0,"parent":7,"menu_order":2,"comment_status":"open","ping_status":"open","template":"servicii1.php","meta":{"footnotes":""},"class_list":["post-64","page","type-page","status-publish","hentry"],"aioseo_notices":[],"_links":{"self":[{"href":"https:\/\/www.cosuletu-asociatii.ro\/de\/wp-json\/wp\/v2\/pages\/64","targetHints":{"allow":["GET"]}}],"collection":[{"href":"https:\/\/www.cosuletu-asociatii.ro\/de\/wp-json\/wp\/v2\/pages"}],"about":[{"href":"https:\/\/www.cosuletu-asociatii.ro\/de\/wp-json\/wp\/v2\/types\/page"}],"author":[{"embeddable":true,"href":"https:\/\/www.cosuletu-asociatii.ro\/de\/wp-json\/wp\/v2\/users\/1001004"}],"replies":[{"embeddable":true,"href":"https:\/\/www.cosuletu-asociatii.ro\/de\/wp-json\/wp\/v2\/comments?post=64"}],"version-history":[{"count":9,"href":"https:\/\/www.cosuletu-asociatii.ro\/de\/wp-json\/wp\/v2\/pages\/64\/revisions"}],"predecessor-version":[{"id":384,"href":"https:\/\/www.cosuletu-asociatii.ro\/de\/wp-json\/wp\/v2\/pages\/64\/revisions\/384"}],"up":[{"embeddable":true,"href":"https:\/\/www.cosuletu-asociatii.ro\/de\/wp-json\/wp\/v2\/pages\/7"}],"wp:attachment":[{"href":"https:\/\/www.cosuletu-asociatii.ro\/de\/wp-json\/wp\/v2\/media?parent=64"}],"curies":[{"name":"wp","href":"https:\/\/api.w.org\/{rel}","templated":true}]}}