{"id":61,"date":"2009-11-14T23:15:01","date_gmt":"2009-11-14T20:15:01","guid":{"rendered":"http:\/\/avocat.redesignyourself.ro\/?page_id=61"},"modified":"2010-06-22T20:30:08","modified_gmt":"2010-06-22T17:30:08","slug":"elaborare-contracte","status":"publish","type":"page","link":"https:\/\/www.cosuletu-asociatii.ro\/de\/servicii\/elaborare-contracte","title":{"rendered":"Erstellen von Vertragen"},"content":{"rendered":"<p><\/p>\n<p style=\"text-align: justify;\"><!-- \t\t@page { margin: 0.79in } \t\tP { margin-bottom: 0.08in } -->Das Abschlie\u00dfen von Handelsgesch\u00e4ften ben\u00f6tigt in vielen F\u00e4llen das Erstellen von komplexen vertraglichen Gef\u00fcgen mit einer Vielzahl von Auswirkungen betreffend finanzielle Verh\u00e4ltnisse, Umweltschutz, Arbeitsverh\u00e4ltnisse usw. Eine solide vertragliche Grundlage ist die Voraussetzung f\u00fcr eine erfolgreiches Gesch\u00e4ft.<\/p>\n<p style=\"text-align: justify;\">Wir stellen unseren Kunden nicht nur das gut fundierte Fachwissen der Rechtsanw\u00e4lte unserer Firma zur Verf\u00fcgung, sondern auch derer F\u00e4higkeit sich einen allgemeinen \u00dcberblick der Probleme zu verschaffen und erfinderische und flexible L\u00f6sungsvorschl\u00e4ge zu erstellen. <\/p>\n<p lang=\"en-US\">\n<p><\/p>","protected":false},"excerpt":{"rendered":"<p>Das Abschlie\u00dfen von Handelsgesch\u00e4ften ben\u00f6tigt in vielen F\u00e4llen das Erstellen von komplexen vertraglichen Gef\u00fcgen mit einer Vielzahl von Auswirkungen betreffend finanzielle Verh\u00e4ltnisse, Umweltschutz, Arbeitsverh\u00e4ltnisse usw. Eine solide vertragliche Grundlage ist die Voraussetzung f\u00fcr eine erfolgreiches Gesch\u00e4ft.<br \/>\nWir stellen unseren Kunden nicht nur das gut fundierte Fachwissen der Rechtsanw\u00e4lte unserer Firma zur Verf\u00fcgung, sondern auch derer F\u00e4higkeit sich einen allgemeinen \u00dcberblick der Probleme zu verschaffen und erfinderische und flexible L\u00f6sungsvorschl\u00e4ge zu erstellen. <\/p>\n","protected":false},"author":1001004,"featured_media":0,"parent":7,"menu_order":1,"comment_status":"open","ping_status":"open","template":"servicii1.php","meta":{"footnotes":""},"class_list":["post-61","page","type-page","status-publish","hentry"],"aioseo_notices":[],"_links":{"self":[{"href":"https:\/\/www.cosuletu-asociatii.ro\/de\/wp-json\/wp\/v2\/pages\/61","targetHints":{"allow":["GET"]}}],"collection":[{"href":"https:\/\/www.cosuletu-asociatii.ro\/de\/wp-json\/wp\/v2\/pages"}],"about":[{"href":"https:\/\/www.cosuletu-asociatii.ro\/de\/wp-json\/wp\/v2\/types\/page"}],"author":[{"embeddable":true,"href":"https:\/\/www.cosuletu-asociatii.ro\/de\/wp-json\/wp\/v2\/users\/1001004"}],"replies":[{"embeddable":true,"href":"https:\/\/www.cosuletu-asociatii.ro\/de\/wp-json\/wp\/v2\/comments?post=61"}],"version-history":[{"count":16,"href":"https:\/\/www.cosuletu-asociatii.ro\/de\/wp-json\/wp\/v2\/pages\/61\/revisions"}],"predecessor-version":[{"id":114,"href":"https:\/\/www.cosuletu-asociatii.ro\/de\/wp-json\/wp\/v2\/pages\/61\/revisions\/114"}],"up":[{"embeddable":true,"href":"https:\/\/www.cosuletu-asociatii.ro\/de\/wp-json\/wp\/v2\/pages\/7"}],"wp:attachment":[{"href":"https:\/\/www.cosuletu-asociatii.ro\/de\/wp-json\/wp\/v2\/media?parent=61"}],"curies":[{"name":"wp","href":"https:\/\/api.w.org\/{rel}","templated":true}]}}