{"id":59,"date":"2009-11-14T23:14:44","date_gmt":"2009-11-14T20:14:44","guid":{"rendered":"http:\/\/avocat.redesignyourself.ro\/?page_id=59"},"modified":"2010-06-22T20:38:58","modified_gmt":"2010-06-22T17:38:58","slug":"consultanta","status":"publish","type":"page","link":"https:\/\/www.cosuletu-asociatii.ro\/de\/servicii\/consultanta","title":{"rendered":"Beratung"},"content":{"rendered":"<p><\/p>\n<p style=\"text-align: justify;\"><!-- \t\t@page { margin: 0.79in } \t\tP { margin-bottom: 0.08in } -->Beratung ist einer der wichtigsten Dienstleistungen der Firma Cosuletu &#038;Partner, und ist als praktisches und wirksames Instrument in der Entfaltung der T\u00e4tigkeit unserer Kunden gedacht.<\/p>\n<p style=\"text-align: justify;\">Unser Beitrag besteht nicht nur aus einschl\u00e4gigen Informationen und Analysen, sondern  auch aus st\u00e4ndiger Betreuung zwecks Erreichen der Ziele unserer Kunden.<\/p>\n<p style=\"text-align: justify;\">Wir beraten in jeder zu unseren Fachbereichen geh\u00f6renden Angelegenheit: \u00f6ffentliche Anschaffungen, Betreiben und Verwaltung der Handelsgesellschaften, Handelsvertr\u00e4ge, Fusionen und \u00dcbernahmen, der Kapitalmarkt, geistiges und industrielles Eigentum, Immobilien, Steuern und Steuerwesen, Insolvenz, Abkommen bei Zahlungsunf\u00e4higkeit, Arbeitsrecht.<\/p>\n<p><\/p>","protected":false},"excerpt":{"rendered":"<p>Beratung ist einer der wichtigsten Dienstleistungen der Firma Cosuletu &#038;Partner, und ist als praktisches und wirksames Instrument in der Entfaltung der T\u00e4tigkeit unserer Kunden gedacht.<br \/>\nUnser Beitrag besteht nicht nur aus einschl\u00e4gigen Informationen und Analysen, sondern  auch aus st\u00e4ndiger Betreuung zwecks Erreichen der Ziele unserer Kunden.<br \/>\nWir beraten in jeder zu unseren Fachbereichen geh\u00f6renden Angelegenheit: \u00f6ffentliche Anschaffungen, Betreiben und Verwaltung der Handelsgesellschaften, Handelsvertr\u00e4ge, Fusionen und \u00dcbernahmen, der Kapitalmarkt, geistiges und industrielles Eigentum, Immobilien, Steuern und Steuerwesen, Insolvenz, Abkommen bei Zahlungsunf\u00e4higkeit, Arbeitsrecht.<\/p>\n","protected":false},"author":1001004,"featured_media":0,"parent":7,"menu_order":0,"comment_status":"open","ping_status":"open","template":"servicii1.php","meta":{"footnotes":""},"class_list":["post-59","page","type-page","status-publish","hentry"],"aioseo_notices":[],"_links":{"self":[{"href":"https:\/\/www.cosuletu-asociatii.ro\/de\/wp-json\/wp\/v2\/pages\/59","targetHints":{"allow":["GET"]}}],"collection":[{"href":"https:\/\/www.cosuletu-asociatii.ro\/de\/wp-json\/wp\/v2\/pages"}],"about":[{"href":"https:\/\/www.cosuletu-asociatii.ro\/de\/wp-json\/wp\/v2\/types\/page"}],"author":[{"embeddable":true,"href":"https:\/\/www.cosuletu-asociatii.ro\/de\/wp-json\/wp\/v2\/users\/1001004"}],"replies":[{"embeddable":true,"href":"https:\/\/www.cosuletu-asociatii.ro\/de\/wp-json\/wp\/v2\/comments?post=59"}],"version-history":[{"count":14,"href":"https:\/\/www.cosuletu-asociatii.ro\/de\/wp-json\/wp\/v2\/pages\/59\/revisions"}],"predecessor-version":[{"id":382,"href":"https:\/\/www.cosuletu-asociatii.ro\/de\/wp-json\/wp\/v2\/pages\/59\/revisions\/382"}],"up":[{"embeddable":true,"href":"https:\/\/www.cosuletu-asociatii.ro\/de\/wp-json\/wp\/v2\/pages\/7"}],"wp:attachment":[{"href":"https:\/\/www.cosuletu-asociatii.ro\/de\/wp-json\/wp\/v2\/media?parent=59"}],"curies":[{"name":"wp","href":"https:\/\/api.w.org\/{rel}","templated":true}]}}