{"id":5,"date":"2009-10-21T19:52:43","date_gmt":"2009-10-21T16:52:43","guid":{"rendered":"http:\/\/avocat.redesignyourself.ro\/?page_id=5"},"modified":"2010-06-22T20:04:54","modified_gmt":"2010-06-22T17:04:54","slug":"expertiza","status":"publish","type":"page","link":"https:\/\/www.cosuletu-asociatii.ro\/de\/expertiza","title":{"rendered":"Fachbereiche"},"content":{"rendered":"<p><\/p>\n<p style=\"text-align: justify;\"><!-- \t\t@page { margin: 0.79in } \t\tP { margin-bottom: 0.08in } -->Das Fachwissen von  Cosuletu &amp; Asociatii (Cosuletu &#038; Partner) umfasst eine weite Palette von Bereichen, wovon wir aufz\u00e4hlen: <a href=\"http:\/\/www.cosuletu-asociatii.ro\/de\/expertiza\/achizitii-publice\" target=\"_self\"> \u00f6ffentliche Anschaffungen<\/a>, Betreiben und Verwaltung der  <a href=\"http:\/\/www.cosuletu-asociatii.ro\/de\/expertiza\/societati-comerciale\" target=\"_self\"> Handelsgesellschaften<\/a>, Handelsvertr\u00e4ge, Fusionen und \u00dcbernahmen, der Kapitalmarkt, <a href=\"http:\/\/www.cosuletu-asociatii.ro\/de\/expertiza\/real-estate\" target=\"_self\"> Immobilien<\/a>, <a href=\"http:\/\/www.cosuletu-asociatii.ro\/de\/expertiza\/taxare-si-fiscalitate\" target=\"_self\"> Steuern und Steuerwesen<\/a>, <a href=\"http:\/\/www.cosuletu-asociatii.ro\/de\/expertiza\/insolventa\" target=\"_self\"> Insolvenz<\/a>, Abkommen bei Zahlungsunf\u00e4higkeit, <a href=\"http:\/\/www.cosuletu-asociatii.ro\/de\/expertiza\/raporturi-de-munca\" target=\"_self\">Arbeitsrecht<\/a>, <a href=\"http:\/\/www.cosuletu-asociatii.ro\/de\/expertiza\/litigii\" target=\"_self\">Rechtsstreite und Gerichtsverfahren<\/a> usw.<\/p>\n<p><\/p>","protected":false},"excerpt":{"rendered":"<p>Das Fachwissen von  Cosuletu &amp; Asociatii (Cosuletu &#038; Partner) umfasst eine weite Palette von Bereichen, wovon wir aufz\u00e4hlen:  \u00f6ffentliche Anschaffungen, Betreiben und Verwaltung der   Handelsgesellschaften, Handelsvertr\u00e4ge, Fusionen und \u00dcbernahmen, der Kapitalmarkt,  Immobilien,  Steuern und Steuerwesen,  Insolvenz, Abkommen bei Zahlungsunf\u00e4higkeit, Arbeitsrecht, Rechtsstreite und Gerichtsverfahren usw.<\/p>\n","protected":false},"author":1001004,"featured_media":0,"parent":0,"menu_order":0,"comment_status":"open","ping_status":"open","template":"servicii.php","meta":{"footnotes":""},"class_list":["post-5","page","type-page","status-publish","hentry"],"aioseo_notices":[],"_links":{"self":[{"href":"https:\/\/www.cosuletu-asociatii.ro\/de\/wp-json\/wp\/v2\/pages\/5","targetHints":{"allow":["GET"]}}],"collection":[{"href":"https:\/\/www.cosuletu-asociatii.ro\/de\/wp-json\/wp\/v2\/pages"}],"about":[{"href":"https:\/\/www.cosuletu-asociatii.ro\/de\/wp-json\/wp\/v2\/types\/page"}],"author":[{"embeddable":true,"href":"https:\/\/www.cosuletu-asociatii.ro\/de\/wp-json\/wp\/v2\/users\/1001004"}],"replies":[{"embeddable":true,"href":"https:\/\/www.cosuletu-asociatii.ro\/de\/wp-json\/wp\/v2\/comments?post=5"}],"version-history":[{"count":37,"href":"https:\/\/www.cosuletu-asociatii.ro\/de\/wp-json\/wp\/v2\/pages\/5\/revisions"}],"predecessor-version":[{"id":142,"href":"https:\/\/www.cosuletu-asociatii.ro\/de\/wp-json\/wp\/v2\/pages\/5\/revisions\/142"}],"wp:attachment":[{"href":"https:\/\/www.cosuletu-asociatii.ro\/de\/wp-json\/wp\/v2\/media?parent=5"}],"curies":[{"name":"wp","href":"https:\/\/api.w.org\/{rel}","templated":true}]}}