{"id":395,"date":"2011-10-12T12:31:12","date_gmt":"2011-10-12T09:31:12","guid":{"rendered":"http:\/\/www.cosuletu-asociatii.ro\/echipa"},"modified":"2011-10-12T12:54:32","modified_gmt":"2011-10-12T09:54:32","slug":"echipa","status":"publish","type":"page","link":"https:\/\/www.cosuletu-asociatii.ro\/de\/echipa","title":{"rendered":"Team"},"content":{"rendered":"<p>Fachbereiche:<br \/>\n\u2022\tBetreiben und Verwaltung der Handelsgesellschaften<br \/>\n\u2022\tFusionen und \u00dcbernahmen<br \/>\n\u2022\tGestaltung von Transaktionen<br \/>\n\u2022\tInsolvenz<br \/>\n\u2022\tGeistiges Eigentum<br \/>\n\u2022\t\u00d6ffentliche Anschaffungen<br \/>\n\u2022\tSteuern und Steuerwesen<br \/>\n\u2022\tRechtsstreite, Gerichtsverfahren und Vermittlung<br \/>\nIuliu Cosuletu ist koordinierender Partner der S.C.A. Cosuletu &#038; Asociatii (Cosuletu &#038; Partner zivile Rechtsanw\u00e4ltegesellschaft) und Mitglied der Anwaltskammer aus Brasov seit dem Jahr 2000.<br \/>\nSeine Fachbereiche umfassen: Betreiben und Verwaltung der Handelsgesellschaften, Fusionen und \u00dcbernahmen, Gestaltung von Transaktionen, Insolvenz, Geistiges Eigentum, \u00d6ffentliche Anschaffungen. Desgleichen verf\u00fcgt er \u00fcber reiche Erfahrung in Rechtsstreiten und Gerichtsverfahren, und hat im Laufe der Jahre verschiedene bedeutende rum\u00e4nische und ausl\u00e4ndische Firmen vertreten.<br \/>\nKontakt:<br \/>\niuliu.cosuletu @ cosuletu-asociatii.com<br \/>\n0040721329045<\/p>\n<div style=\"margin-top:60px;\"><\/div>\n<h2 class=\"title\">Luminita Vulcan<\/h2>\n<p>\nFachbereiche:<br \/>\n\u2022\tImmobilien<br \/>\n\u2022\tHandelsvertr\u00e4ge<br \/>\n\u2022\tArbeitsverh\u00e4ltnisse<br \/>\n\u2022\t\u00d6ffentliche Anschaffungen<br \/>\n\u2022\t\u00d6ffentliche Verwaltung<br \/>\n\u2022\tVersicherungen<br \/>\n\u2022\tRechtsstreite und Gerichtsverfahren<br \/>\nLuminita Vulcan ist Partnerin der S.C.A. Cosuletu &#038; Asociatii (Cosuletu &#038; Partner zivile Rechtsanw\u00e4ltegesellschaft) und Mitglied der Anwaltskammer aus Brasov seit dem Jahr 2001.<br \/>\nIn Gebieten wie Immobilien, Handelsvertr\u00e4ge, Arbeitsverh\u00e4ltnisse, \u00f6ffentliche Anschaffungen und \u00f6ffentliche Verwaltung st\u00fctzt sie sich auf reiche Erfahrung.<br \/>\nDesgleichen hat sie erfolgreich an zahlreichen Verhandlungen und Transaktionen teilgenommen und vor Gericht die Interessen vieler rum\u00e4nischer und ausl\u00e4ndischer Firmen vertreten.<br \/>\nLuminita Vulcan ist die Verfasserin des Buches \u201eDer freiwillige Versicherungsvertrag\u201d sowie mehrerer Fachstudien.<br \/>\nKontakt:<br \/>\nluminita.vulcan @ cosuletu-asociatii.com<br \/>\n0040722754802<br \/>\n<\/p>","protected":false},"excerpt":{"rendered":"<p>Fachbereiche:<br \/>\n\u2022\tBetreiben und Verwaltung der Handelsgesellschaften<br \/>\n\u2022\tFusionen und \u00dcbernahmen<br \/>\n\u2022\tGestaltung von Transaktionen<br \/>\n\u2022\tInsolvenz<br \/>\n\u2022\tGeistiges Eigentum<br \/>\n\u2022\t\u00d6ffentliche Anschaffungen<br \/>\n\u2022\tSteuern und Steuerwesen<br \/>\n\u2022\tRechtsstreite, Gerichtsverfahren und Vermittlung<br \/>\nIuliu Cosuletu ist koordinierender Partner der S.C.A. Cosuletu &#038; Asociatii (Cosuletu &#038; Partner zivile Rechtsanw\u00e4ltegesellschaft) und Mitglied der Anwaltskammer aus Brasov seit dem Jahr 2000.<br \/>\nSeine Fachbereiche umfassen: Betreiben und Verwaltung der Handelsgesellschaften, Fusionen und \u00dcbernahmen, Gestaltung von Transaktionen, Insolvenz, Geistiges Eigentum, \u00d6ffentliche Anschaffungen. Desgleichen verf\u00fcgt er \u00fcber reiche Erfahrung in Rechtsstreiten und Gerichtsverfahren, und hat im Laufe der Jahre verschiedene bedeutende rum\u00e4nische und ausl\u00e4ndische Firmen vertreten.<br \/>\nKontakt:<br \/>\niuliu.cosuletu @ cosuletu-asociatii.com<br \/>\n0040721329045<\/p>\n<p>Luminita Vulcan<\/p>\n<p>Fachbereiche:<br \/>\n\u2022\tImmobilien<br \/>\n\u2022\tHandelsvertr\u00e4ge<br \/>\n\u2022\tArbeitsverh\u00e4ltnisse<br \/>\n\u2022\t\u00d6ffentliche Anschaffungen<br \/>\n\u2022\t\u00d6ffentliche Verwaltung<br \/>\n\u2022\tVersicherungen<br \/>\n\u2022\tRechtsstreite und Gerichtsverfahren<br \/>\nLuminita Vulcan ist &#8230;<\/p>\n","protected":false},"author":1001004,"featured_media":0,"parent":0,"menu_order":0,"comment_status":"open","ping_status":"open","template":"echipa.php","meta":{"footnotes":""},"class_list":["post-395","page","type-page","status-publish","hentry"],"aioseo_notices":[],"_links":{"self":[{"href":"https:\/\/www.cosuletu-asociatii.ro\/de\/wp-json\/wp\/v2\/pages\/395","targetHints":{"allow":["GET"]}}],"collection":[{"href":"https:\/\/www.cosuletu-asociatii.ro\/de\/wp-json\/wp\/v2\/pages"}],"about":[{"href":"https:\/\/www.cosuletu-asociatii.ro\/de\/wp-json\/wp\/v2\/types\/page"}],"author":[{"embeddable":true,"href":"https:\/\/www.cosuletu-asociatii.ro\/de\/wp-json\/wp\/v2\/users\/1001004"}],"replies":[{"embeddable":true,"href":"https:\/\/www.cosuletu-asociatii.ro\/de\/wp-json\/wp\/v2\/comments?post=395"}],"version-history":[{"count":26,"href":"https:\/\/www.cosuletu-asociatii.ro\/de\/wp-json\/wp\/v2\/pages\/395\/revisions"}],"predecessor-version":[{"id":421,"href":"https:\/\/www.cosuletu-asociatii.ro\/de\/wp-json\/wp\/v2\/pages\/395\/revisions\/421"}],"wp:attachment":[{"href":"https:\/\/www.cosuletu-asociatii.ro\/de\/wp-json\/wp\/v2\/media?parent=395"}],"curies":[{"name":"wp","href":"https:\/\/api.w.org\/{rel}","templated":true}]}}