{"id":33,"date":"2009-11-14T18:50:40","date_gmt":"2009-11-14T15:50:40","guid":{"rendered":"http:\/\/avocat.redesignyourself.ro\/?page_id=33"},"modified":"2010-06-22T19:15:10","modified_gmt":"2010-06-22T16:15:10","slug":"litigii","status":"publish","type":"page","link":"https:\/\/www.cosuletu-asociatii.ro\/de\/expertiza\/litigii","title":{"rendered":"Rechtsstreite"},"content":{"rendered":"<p><\/p>\n<p style=\"text-align: justify;\"><!-- \t\t@page { margin: 0.79in } \t\tP { margin-bottom: 0.08in } -->Dem L\u00f6sen von Rechtsstreiten widmen wir besonders wertvolles Fachwissen. Unser Ziel ist Unterst\u00fctzung des Kunden zwecks schnellstm\u00f6glicher und wirksamster L\u00f6sung der Rechtsstreite. In diesem Sinne sind wir zu folgenden Dienstleistungen bereit:<\/p>\n<p style=\"text-align: justify;\" lang=\"en-US\">\n<ul style=\"text-align: justify;\">\n<li>Einvernehmliche Beilegung der Streitigkeiten;<\/li>\n<li>\n<p lang=\"en-US\">Vermittlung;<\/p>\n<\/li>\n<li>\n<p lang=\"en-US\">Abkommen bei Zahlungsunf\u00e4higkeit;<\/p>\n<\/li>\n<li>\n<p lang=\"en-US\">Betreuung und Vertretung in Schiedsverfahren;<\/p>\n<\/li>\n<li>\n<p lang=\"en-US\">Betreuung und Vertretung in handels- und zivilrechtlichen Rechtsstreiten;<\/p>\n<\/li>\n<li>\n<p lang=\"en-US\">Verwalterische Streitigkeiten;<\/p>\n<\/li>\n<li>\n<p lang=\"en-US\">Finanzielle Streitigkeiten;<\/p>\n<\/li>\n<li>\n<p lang=\"en-US\">Insolvenz;<\/p>\n<\/li>\n<li>\n<p lang=\"en-US\">Privatisierungen;<\/p>\n<\/li>\n<li>\n<p lang=\"en-US\">Fusionen und \u00dcbernahmen;<\/p>\n<\/li>\n<li>Eigentumsrechtstreite.<\/li>\n<\/ul>\n<p style=\"text-align: justify;\">\n<p><\/p>","protected":false},"excerpt":{"rendered":"<p>Dem L\u00f6sen von Rechtsstreiten widmen wir besonders wertvolles Fachwissen. Unser Ziel ist Unterst\u00fctzung des Kunden zwecks schnellstm\u00f6glicher und wirksamster L\u00f6sung der Rechtsstreite. In diesem Sinne sind wir zu folgenden Dienstleistungen bereit:<\/p>\n<p>Einvernehmliche Beilegung der Streitigkeiten;<\/p>\n<p>Vermittlung;<\/p>\n<p>Abkommen bei Zahlungsunf\u00e4higkeit;<\/p>\n<p>Betreuung und Vertretung in Schiedsverfahren;<\/p>\n<p>Betreuung und Vertretung in handels- und zivilrechtlichen Rechtsstreiten;<\/p>\n<p>Verwalterische Streitigkeiten;<\/p>\n<p>Finanzielle Streitigkeiten;<\/p>\n<p>Insolvenz;<\/p>\n<p>Privatisierungen;<\/p>\n<p>Fusionen und \u00dcbernahmen;<\/p>\n<p>Eigentumsrechtstreite.<\/p>\n","protected":false},"author":1001004,"featured_media":0,"parent":5,"menu_order":8,"comment_status":"open","ping_status":"open","template":"servicii.php","meta":{"footnotes":""},"class_list":["post-33","page","type-page","status-publish","hentry"],"aioseo_notices":[],"_links":{"self":[{"href":"https:\/\/www.cosuletu-asociatii.ro\/de\/wp-json\/wp\/v2\/pages\/33","targetHints":{"allow":["GET"]}}],"collection":[{"href":"https:\/\/www.cosuletu-asociatii.ro\/de\/wp-json\/wp\/v2\/pages"}],"about":[{"href":"https:\/\/www.cosuletu-asociatii.ro\/de\/wp-json\/wp\/v2\/types\/page"}],"author":[{"embeddable":true,"href":"https:\/\/www.cosuletu-asociatii.ro\/de\/wp-json\/wp\/v2\/users\/1001004"}],"replies":[{"embeddable":true,"href":"https:\/\/www.cosuletu-asociatii.ro\/de\/wp-json\/wp\/v2\/comments?post=33"}],"version-history":[{"count":13,"href":"https:\/\/www.cosuletu-asociatii.ro\/de\/wp-json\/wp\/v2\/pages\/33\/revisions"}],"predecessor-version":[{"id":356,"href":"https:\/\/www.cosuletu-asociatii.ro\/de\/wp-json\/wp\/v2\/pages\/33\/revisions\/356"}],"up":[{"embeddable":true,"href":"https:\/\/www.cosuletu-asociatii.ro\/de\/wp-json\/wp\/v2\/pages\/5"}],"wp:attachment":[{"href":"https:\/\/www.cosuletu-asociatii.ro\/de\/wp-json\/wp\/v2\/media?parent=33"}],"curies":[{"name":"wp","href":"https:\/\/api.w.org\/{rel}","templated":true}]}}