{"id":31,"date":"2009-11-14T18:50:26","date_gmt":"2009-11-14T15:50:26","guid":{"rendered":"http:\/\/avocat.redesignyourself.ro\/?page_id=31"},"modified":"2010-06-22T19:05:47","modified_gmt":"2010-06-22T16:05:47","slug":"proprietate-intelectuala","status":"publish","type":"page","link":"https:\/\/www.cosuletu-asociatii.ro\/de\/expertiza\/proprietate-intelectuala","title":{"rendered":"Geistiges Eigentum"},"content":{"rendered":"<p><\/p>\n<p style=\"text-align: justify;\"><!-- \t\t@page { margin: 0.79in } \t\tP { margin-bottom: 0.08in } -->Unsere Gesellschaft erbringt folgende Dienstleistungen im Bereich geistigen und gewerblichen Eigentums.<\/p>\n<ul style=\"text-align: justify;\">\n<li>Beratung betreffend Urheberrechtsschutz, Eintragung gewerblicher Marken und Muster;<\/li>\n<li>\n<p lang=\"en-US\">Beratung betreffend Urheberrechtverwertung;<\/p>\n<\/li>\n<li>Beratung betreffend Lizenz-, Zessions- und Franchisevertr\u00e4ge;<\/li>\n<li>Beratung betreffend unloyale Konkurrenz<\/li>\n<li style=\"text-align: justify;\">Rechtsberatung und Vertretung der Kunden gegen\u00fcber der zust\u00e4ndigen Beh\u00f6rden und vor Gericht.<\/li>\n<\/ul>\n<p style=\"text-align: justify;\">\n<p style=\"text-align: justify;\">\n<p><\/p>","protected":false},"excerpt":{"rendered":"<p>Unsere Gesellschaft erbringt folgende Dienstleistungen im Bereich geistigen und gewerblichen Eigentums.<\/p>\n<p>Beratung betreffend Urheberrechtsschutz, Eintragung gewerblicher Marken und Muster;<\/p>\n<p>Beratung betreffend Urheberrechtverwertung;<\/p>\n<p>Beratung betreffend Lizenz-, Zessions- und Franchisevertr\u00e4ge;<br \/>\nBeratung betreffend unloyale Konkurrenz<br \/>\nRechtsberatung und Vertretung der Kunden gegen\u00fcber der zust\u00e4ndigen Beh\u00f6rden und vor Gericht.<\/p>\n","protected":false},"author":1001004,"featured_media":0,"parent":5,"menu_order":7,"comment_status":"open","ping_status":"open","template":"servicii.php","meta":{"footnotes":""},"class_list":["post-31","page","type-page","status-publish","hentry"],"aioseo_notices":[],"_links":{"self":[{"href":"https:\/\/www.cosuletu-asociatii.ro\/de\/wp-json\/wp\/v2\/pages\/31","targetHints":{"allow":["GET"]}}],"collection":[{"href":"https:\/\/www.cosuletu-asociatii.ro\/de\/wp-json\/wp\/v2\/pages"}],"about":[{"href":"https:\/\/www.cosuletu-asociatii.ro\/de\/wp-json\/wp\/v2\/types\/page"}],"author":[{"embeddable":true,"href":"https:\/\/www.cosuletu-asociatii.ro\/de\/wp-json\/wp\/v2\/users\/1001004"}],"replies":[{"embeddable":true,"href":"https:\/\/www.cosuletu-asociatii.ro\/de\/wp-json\/wp\/v2\/comments?post=31"}],"version-history":[{"count":16,"href":"https:\/\/www.cosuletu-asociatii.ro\/de\/wp-json\/wp\/v2\/pages\/31\/revisions"}],"predecessor-version":[{"id":352,"href":"https:\/\/www.cosuletu-asociatii.ro\/de\/wp-json\/wp\/v2\/pages\/31\/revisions\/352"}],"up":[{"embeddable":true,"href":"https:\/\/www.cosuletu-asociatii.ro\/de\/wp-json\/wp\/v2\/pages\/5"}],"wp:attachment":[{"href":"https:\/\/www.cosuletu-asociatii.ro\/de\/wp-json\/wp\/v2\/media?parent=31"}],"curies":[{"name":"wp","href":"https:\/\/api.w.org\/{rel}","templated":true}]}}