{"id":27,"date":"2009-11-14T18:49:46","date_gmt":"2009-11-14T15:49:46","guid":{"rendered":"http:\/\/avocat.redesignyourself.ro\/?page_id=27"},"modified":"2010-06-22T18:46:04","modified_gmt":"2010-06-22T15:46:04","slug":"insolventa","status":"publish","type":"page","link":"https:\/\/www.cosuletu-asociatii.ro\/de\/expertiza\/insolventa","title":{"rendered":"Insolvenz"},"content":{"rendered":"<p><\/p>\n<p style=\"text-align: justify;\"><!-- \t\t@page { margin: 0.79in } \t\tP { margin-bottom: 0.08in } -->Die gegenw\u00e4rtige wirtschaftliche Konjunktur erfordert genaues Kennen und Kontrollieren der Mechanismen die Reorganisation und Bankrott der Handelsgesellschaften f\u00fchren, sowie der Wege durch die die Gl\u00e4ubiger ihre Rechte sch\u00fctzen und verwerten k\u00f6nnen. Unsere Erfahrung in diesem Bereich garantiert die wirksamste Vertretung der Interessen unserer Kunden.<\/p>\n<p style=\"text-align: justify;\" lang=\"en-US\">Die unseren Kunden angebotenen Dienstleistungen sind:<\/p>\n<ul style=\"text-align: justify;\">\n<li>\n<p lang=\"en-US\">Beratung betreffend Insolvenzverfahren;<\/p>\n<\/li>\n<li>\n<p lang=\"en-US\">Beratung betreffend Schutz der Rechte der Gl\u00e4ubiger;<\/p>\n<\/li>\n<li>\n<p lang=\"en-US\">Beratung betreffend die Verantwortung und Pflichten der Verwalter w\u00e4hrend der Reorganisation von Gesellschaften;<\/p>\n<\/li>\n<li>\n<p lang=\"en-US\">Vertretung vor Gericht.<\/p>\n<\/li>\n<\/ul>\n<p style=\"text-align: justify;\">\n<p><\/p>","protected":false},"excerpt":{"rendered":"<p>Die gegenw\u00e4rtige wirtschaftliche Konjunktur erfordert genaues Kennen und Kontrollieren der Mechanismen die Reorganisation und Bankrott der Handelsgesellschaften f\u00fchren, sowie der Wege durch die die Gl\u00e4ubiger ihre Rechte sch\u00fctzen und verwerten k\u00f6nnen. Unsere Erfahrung in diesem Bereich garantiert die wirksamste Vertretung der Interessen unserer Kunden.<br \/>\nDie unseren Kunden angebotenen Dienstleistungen sind:<\/p>\n<p>Beratung betreffend Insolvenzverfahren;<\/p>\n<p>Beratung betreffend Schutz der Rechte der Gl\u00e4ubiger;<\/p>\n<p>Beratung betreffend die Verantwortung und Pflichten der Verwalter w\u00e4hrend der Reorganisation von Gesellschaften;<\/p>\n<p>Vertretung vor Gericht.<\/p>\n","protected":false},"author":1001004,"featured_media":0,"parent":5,"menu_order":5,"comment_status":"open","ping_status":"open","template":"servicii.php","meta":{"footnotes":""},"class_list":["post-27","page","type-page","status-publish","hentry"],"aioseo_notices":[],"_links":{"self":[{"href":"https:\/\/www.cosuletu-asociatii.ro\/de\/wp-json\/wp\/v2\/pages\/27","targetHints":{"allow":["GET"]}}],"collection":[{"href":"https:\/\/www.cosuletu-asociatii.ro\/de\/wp-json\/wp\/v2\/pages"}],"about":[{"href":"https:\/\/www.cosuletu-asociatii.ro\/de\/wp-json\/wp\/v2\/types\/page"}],"author":[{"embeddable":true,"href":"https:\/\/www.cosuletu-asociatii.ro\/de\/wp-json\/wp\/v2\/users\/1001004"}],"replies":[{"embeddable":true,"href":"https:\/\/www.cosuletu-asociatii.ro\/de\/wp-json\/wp\/v2\/comments?post=27"}],"version-history":[{"count":16,"href":"https:\/\/www.cosuletu-asociatii.ro\/de\/wp-json\/wp\/v2\/pages\/27\/revisions"}],"predecessor-version":[{"id":348,"href":"https:\/\/www.cosuletu-asociatii.ro\/de\/wp-json\/wp\/v2\/pages\/27\/revisions\/348"}],"up":[{"embeddable":true,"href":"https:\/\/www.cosuletu-asociatii.ro\/de\/wp-json\/wp\/v2\/pages\/5"}],"wp:attachment":[{"href":"https:\/\/www.cosuletu-asociatii.ro\/de\/wp-json\/wp\/v2\/media?parent=27"}],"curies":[{"name":"wp","href":"https:\/\/api.w.org\/{rel}","templated":true}]}}