{"id":25,"date":"2009-11-14T18:49:29","date_gmt":"2009-11-14T15:49:29","guid":{"rendered":"http:\/\/avocat.redesignyourself.ro\/?page_id=25"},"modified":"2010-06-22T17:46:24","modified_gmt":"2010-06-22T14:46:24","slug":"societati-comerciale","status":"publish","type":"page","link":"https:\/\/www.cosuletu-asociatii.ro\/de\/expertiza\/societati-comerciale","title":{"rendered":"Handelsgesellschaften"},"content":{"rendered":"<p><\/p>\n<p style=\"text-align: justify;\"><!-- \t\t@page { margin: 0.79in } \t\tP { margin-bottom: 0.08in } -->Unser auf solide Erfahrung begr\u00fcndetes kreatives und flexibles Angehen ist eine der Voraussetzungen  f\u00fcr ausgezeichnete Ergebnisse in diesem Bereich. Unsere T\u00e4tigkeit umfasst folgende Bereiche:<\/p>\n<ul style=\"text-align: justify;\">\n<li>\n<p lang=\"en-US\">Unternehmensberatung<\/p>\n<\/li>\n<li>\n<p lang=\"en-US\">Fusionen und \u00dcbernahmen<\/p>\n<\/li>\n<li>\n<p lang=\"en-US\">Vertragliche Strukturen<\/p>\n<\/li>\n<li>\n<p lang=\"en-US\">Kapitalmarkt<\/p>\n<\/li>\n<li>Gr\u00fcndung von Handelsgesellschaften<\/li>\n<\/ul>\n<p style=\"text-align: justify;\" lang=\"en-US\">\n<p style=\"text-align: justify;\" lang=\"en-US\"><strong>Unternehmensberatung<\/strong><\/p>\n<ul style=\"text-align: justify;\">\n<li>Beratung betreffend Verwaltung und Funktion von Handelsgesellschaften<\/li>\n<li>Beratung betreffend die Verpflichtungen der Mitglieder der Verwaltungsr\u00e4te<\/li>\n<li>\n<p lang=\"en-US\">Beratung betreffend die Rechte der Aktion\u00e4re und Gesellschafter;<\/p>\n<\/li>\n<li>\n<p lang=\"en-US\">Beratung betreffend Vergr\u00f6\u00dferung oder Verkleinerung des Gesellschaftskapitals;<\/p>\n<\/li>\n<\/ul>\n<p style=\"text-align: justify;\" lang=\"en-US\">\n<p style=\"text-align: justify;\" lang=\"en-US\"><strong>Fusionen und \u00dcbernahmen<\/strong><\/p>\n<ul style=\"text-align: justify;\">\n<li>Durchf\u00fchrung von Due Diligence Pr\u00fcfungen;<\/li>\n<li>\n<p lang=\"en-US\">Beratung betreffend \u00dcbernahmem\u00f6glichkeiten von Handelsgesellschaften;<\/p>\n<\/li>\n<li>\n<p lang=\"en-US\">Beratung betreffend die Fusion von Handelsgesellschaften;<\/p>\n<\/li>\n<li>\n<p lang=\"en-US\">Beratung betreffend die Restrukturierung von Handelsgesellschaften;<\/p>\n<\/li>\n<li>\n<p lang=\"en-US\">Beratung betreffend Privatisierungen.<\/p>\n<\/li>\n<\/ul>\n<p style=\"text-align: justify;\" lang=\"en-US\">\n<p style=\"text-align: justify;\" lang=\"en-US\"><strong>Vertragliche Strukturen<\/strong><\/p>\n<ul style=\"text-align: justify;\">\n<li>\n<p lang=\"en-US\">Beratung betreffend die Gr\u00fcndung von Joint Ventures (Beteiligungsunternehmen);<\/p>\n<\/li>\n<li>\n<p lang=\"en-US\">Beratung betreffend Handelsvertr\u00e4ge;<\/p>\n<\/li>\n<\/ul>\n<p style=\"text-align: justify;\" lang=\"en-US\">\n<p style=\"text-align: justify;\" lang=\"en-US\"><strong>Kapitalmarkt<\/strong><\/p>\n<ul style=\"text-align: justify;\">\n<li>Beratung betreffend Emission von Aktien und Wertpapieren;<\/li>\n<li>Beratung betreffend die Verpflichtungen von b\u00f6rsennotierten Gesellschaften;<\/li>\n<li>Beratung betreffend den Handel mit Finanzinstrumenten;<\/li>\n<li>Beratung betreffend Institutionen f\u00fcr kollektive Investition.<\/li>\n<\/ul>\n<p style=\"text-align: justify;\" lang=\"en-US\">\n<p style=\"text-align: justify;\"><strong>Gr\u00fcndung von Handelsgesellschaften<\/strong><\/p>\n<ul style=\"text-align: justify;\">\n<li>Beratung f\u00fcr das Erstellen der f\u00fcr die Gr\u00fcndung von Handelsgesellschaften erforderlichen Unterlagen;<\/li>\n<li>\n<p lang=\"en-US\">Durchf\u00fchrung aller f\u00fcr die Gr\u00fcndung von Handelsgesellschaften erforderlichen Formalit\u00e4ten;<\/p>\n<\/li>\n<li>\n<p lang=\"en-US\">Vertretung der Kunden gegen\u00fcber der Beh\u00f6rden w\u00e4hrend der Gr\u00fcndungsverfahren;<\/p>\n<\/li>\n<li>\n<p lang=\"en-US\">Dienstleistungen betreffend die zeitweilige Unterbringung des Sitzes der neu gegr\u00fcndeten Gesellschaft.<\/p>\n<\/li>\n<\/ul>\n<p style=\"text-align: justify;\">\n<p><\/p>","protected":false},"excerpt":{"rendered":"<p>Unser auf solide Erfahrung begr\u00fcndetes kreatives und flexibles Angehen ist eine der Voraussetzungen  f\u00fcr ausgezeichnete Ergebnisse in diesem Bereich. Unsere T\u00e4tigkeit umfasst folgende Bereiche:<\/p>\n<p>Unternehmensberatung<\/p>\n<p>Fusionen und \u00dcbernahmen<\/p>\n<p>Vertragliche Strukturen<\/p>\n<p>Kapitalmarkt<\/p>\n<p>Gr\u00fcndung von Handelsgesellschaften<\/p>\n<p>Unternehmensberatung<\/p>\n<p>Beratung betreffend Verwaltung und Funktion von Handelsgesellschaften<br \/>\nBeratung betreffend die Verpflichtungen der Mitglieder der Verwaltungsr\u00e4te<\/p>\n<p>Beratung betreffend die Rechte der Aktion\u00e4re und Gesellschafter;<\/p>\n<p>Beratung betreffend Vergr\u00f6\u00dferung oder Verkleinerung des Gesellschaftskapitals;<\/p>\n<p>Fusionen und \u00dcbernahmen<\/p>\n<p>Durchf\u00fchrung von Due Diligence Pr\u00fcfungen;<\/p>\n<p>Beratung betreffend \u00dcbernahmem\u00f6glichkeiten von Handelsgesellschaften;<\/p>\n<p>Beratung betreffend die Fusion von Handelsgesellschaften;<\/p>\n<p>Beratung betreffend die Restrukturierung von Handelsgesellschaften;<\/p>\n<p>Beratung betreffend Privatisierungen.<\/p>\n<p>Vertragliche Strukturen<\/p>\n<p>Beratung betreffend die Gr\u00fcndung von Joint Ventures (Beteiligungsunternehmen);<\/p>\n<p>Beratung betreffend Handelsvertr\u00e4ge;<\/p>\n<p>Kapitalmarkt<\/p>\n<p>Beratung betreffend Emission &#8230;<\/p>\n","protected":false},"author":1001004,"featured_media":0,"parent":5,"menu_order":4,"comment_status":"open","ping_status":"open","template":"servicii.php","meta":{"footnotes":""},"class_list":["post-25","page","type-page","status-publish","hentry"],"aioseo_notices":[],"_links":{"self":[{"href":"https:\/\/www.cosuletu-asociatii.ro\/de\/wp-json\/wp\/v2\/pages\/25","targetHints":{"allow":["GET"]}}],"collection":[{"href":"https:\/\/www.cosuletu-asociatii.ro\/de\/wp-json\/wp\/v2\/pages"}],"about":[{"href":"https:\/\/www.cosuletu-asociatii.ro\/de\/wp-json\/wp\/v2\/types\/page"}],"author":[{"embeddable":true,"href":"https:\/\/www.cosuletu-asociatii.ro\/de\/wp-json\/wp\/v2\/users\/1001004"}],"replies":[{"embeddable":true,"href":"https:\/\/www.cosuletu-asociatii.ro\/de\/wp-json\/wp\/v2\/comments?post=25"}],"version-history":[{"count":14,"href":"https:\/\/www.cosuletu-asociatii.ro\/de\/wp-json\/wp\/v2\/pages\/25\/revisions"}],"predecessor-version":[{"id":339,"href":"https:\/\/www.cosuletu-asociatii.ro\/de\/wp-json\/wp\/v2\/pages\/25\/revisions\/339"}],"up":[{"embeddable":true,"href":"https:\/\/www.cosuletu-asociatii.ro\/de\/wp-json\/wp\/v2\/pages\/5"}],"wp:attachment":[{"href":"https:\/\/www.cosuletu-asociatii.ro\/de\/wp-json\/wp\/v2\/media?parent=25"}],"curies":[{"name":"wp","href":"https:\/\/api.w.org\/{rel}","templated":true}]}}