{"id":23,"date":"2009-11-14T18:49:10","date_gmt":"2009-11-14T15:49:10","guid":{"rendered":"http:\/\/avocat.redesignyourself.ro\/?page_id=23"},"modified":"2010-06-22T17:16:00","modified_gmt":"2010-06-22T14:16:00","slug":"real-estate","status":"publish","type":"page","link":"https:\/\/www.cosuletu-asociatii.ro\/de\/expertiza\/real-estate","title":{"rendered":"Immobilien"},"content":{"rendered":"<p><!-- \t\t@page { margin: 0.79in } \t\tP { margin-bottom: 0.08in } --><\/p>\n<p lang=\"en-US\">\n<p style=\"text-align: justify;\">Cosuletu &#038; Partner erbringt in diesem Bereich folgende Dienstleistungen:<\/p>\n<ul style=\"text-align: justify;\">\n<li>Due Diligence Pr\u00fcfung (Sorgfaltspflicht)<\/li>\n<li>Unternehmensbetreuung<\/li>\n<li>Projektmanagement<\/li>\n<li>Treuhand<\/li>\n<\/ul>\n<p style=\"text-align: justify;\"><strong>Due Diligence Pr\u00fcfung (Sorgfaltspflicht)<\/strong><\/p>\n<p style=\"text-align: justify;\">Entsprechend den Bed\u00fcrfnissen eines jeden Kunden und den Besonderheiten eines jeden Projekts bezieht sich Due Diligence auf Folgendes:<\/p>\n<ul style=\"text-align: justify;\">\n<li>Rechtsberatung betreffend die Durchf\u00fchrung von Immobilieninvestitionen;<\/li>\n<li>Wertung der Eigentumstitel \u00fcber Immobilien;<\/li>\n<li>Sch\u00e4tzung des Streitigkeitsrisikos;<\/li>\n<li>Beurteilung der gesetzlichen Begrenzungen betreffend Durchf\u00fchrung von Investitionen (Dienstbarkeit\/Servitut, Zugangsrechte zu versorgungstechnischen Anlagen);<\/li>\n<li>Sch\u00e4tzung der Auswirkung der Umweltschutzregelungen auf das Projekt.<\/li>\n<\/ul>\n<p style=\"text-align: justify;\"><strong>Unternehmensbetreuung<\/strong><\/p>\n<p style=\"text-align: justify;\">Die in diesem Bereich erbrachten Dienstleistungen umfassen:<\/p>\n<ul style=\"text-align: justify;\">\n<li>Ermittlung der optimalen Wege zur Durchf\u00fchrung der Investitionen durch Investitionsfonds, Joint Venture (Beteiligungsunternehmen), Aktiengesellschaften, Gesellschaften mit beschr\u00e4nkter Haftung  usw.<\/li>\n<li>Ermittlung der geeigneten Wege zur Verwertung der Immobilieninvestitionen;<\/li>\n<li>Erstellen der vertraglichen Struktur (Kauf-, Leasing-, Mietvertr\u00e4ge, Joint Venture Vertr\u00e4ge, Konzessionsvertr\u00e4ge usw.)<\/li>\n<li>Gr\u00fcnden von Handelsgesellschaften;<\/li>\n<li>Fusionen und \u00dcbernahmen<\/li>\n<\/ul>\n<p style=\"text-align: justify;\"><strong>Projektmanagement<\/strong><\/p>\n<ul style=\"text-align: justify;\">\n<li>Vertretung der Kunden in allen Phasen der Projektdurchf\u00fchrung;<\/li>\n<li>Rechtsberatung betreffend die Beschaffung von Finanzierung f\u00fcr die Durchf\u00fchrung von Immobilienprojekten;<\/li>\n<li>Erstellen von Vertr\u00e4gen \u00fcber Design, Durchf\u00fchrung, Materialzulieferung usw.;<\/li>\n<li>Rechtsberatung durch Wertung der Zulassungsunterlagen;<\/li>\n<li>\u00dcberwachung des Fortschritts der Umsetzung der mit Dritten abgeschlossenen Vertr\u00e4ge.<\/li>\n<\/ul>\n<p style=\"text-align: justify;\"><strong>Treuhand<\/strong><\/p>\n<p style=\"text-align: justify;\">Die in diesem Bereich erbrachten Dienstleistungen umfassen:<\/p>\n<ul style=\"text-align: justify;\">\n<li>Annahme in Verwahrung, im Namen und im Interesse des Kunden, von finanziellen Fonds und G\u00fctern stammend aus der Verwertung von Vollstreckungstiteln infolge des Abschlie\u00dfens einer Streitigkeit, einer Vermittlung oder einer Verm\u00f6gensliquidation;<\/li>\n<li>Verwertung im Namen und im Interesse des Kunden der in Verwahrung \u00fcbernommenen finanziellen Fonds und der G\u00fcter, durch Investierung in mobile Aktiva oder Immobilien, in Wertpapiere und andere finanzielle Instrumente;<\/li>\n<li>Verwaltung im Namen und im Interesse des Kunden der Fonds oder Wertpapiere in welche investiert wurde.<\/li>\n<\/ul>\n<p style=\"text-align: justify;\">\n<p><\/p>","protected":false},"excerpt":{"rendered":"<p>Cosuletu &#038; Partner erbringt in diesem Bereich folgende Dienstleistungen:<\/p>\n<p>Due Diligence Pr\u00fcfung (Sorgfaltspflicht)<br \/>\nUnternehmensbetreuung<br \/>\nProjektmanagement<br \/>\nTreuhand<\/p>\n<p>Due Diligence Pr\u00fcfung (Sorgfaltspflicht)<br \/>\nEntsprechend den Bed\u00fcrfnissen eines jeden Kunden und den Besonderheiten eines jeden Projekts bezieht sich Due Diligence auf Folgendes:<\/p>\n<p>Rechtsberatung betreffend die Durchf\u00fchrung von Immobilieninvestitionen;<br \/>\nWertung der Eigentumstitel \u00fcber Immobilien;<br \/>\nSch\u00e4tzung des Streitigkeitsrisikos;<br \/>\nBeurteilung der gesetzlichen Begrenzungen betreffend Durchf\u00fchrung von Investitionen (Dienstbarkeit\/Servitut, Zugangsrechte zu versorgungstechnischen Anlagen);<br \/>\nSch\u00e4tzung der Auswirkung der Umweltschutzregelungen auf das Projekt.<\/p>\n<p>Unternehmensbetreuung<br \/>\nDie in diesem Bereich erbrachten Dienstleistungen umfassen:<\/p>\n<p>Ermittlung der optimalen Wege zur Durchf\u00fchrung der Investitionen durch Investitionsfonds, Joint Venture (Beteiligungsunternehmen), Aktiengesellschaften, Gesellschaften mit beschr\u00e4nkter Haftung  usw.<br \/>\nErmittlung der geeigneten Wege &#8230;<\/p>\n","protected":false},"author":1001004,"featured_media":0,"parent":5,"menu_order":3,"comment_status":"open","ping_status":"open","template":"servicii.php","meta":{"footnotes":""},"class_list":["post-23","page","type-page","status-publish","hentry"],"aioseo_notices":[],"_links":{"self":[{"href":"https:\/\/www.cosuletu-asociatii.ro\/de\/wp-json\/wp\/v2\/pages\/23","targetHints":{"allow":["GET"]}}],"collection":[{"href":"https:\/\/www.cosuletu-asociatii.ro\/de\/wp-json\/wp\/v2\/pages"}],"about":[{"href":"https:\/\/www.cosuletu-asociatii.ro\/de\/wp-json\/wp\/v2\/types\/page"}],"author":[{"embeddable":true,"href":"https:\/\/www.cosuletu-asociatii.ro\/de\/wp-json\/wp\/v2\/users\/1001004"}],"replies":[{"embeddable":true,"href":"https:\/\/www.cosuletu-asociatii.ro\/de\/wp-json\/wp\/v2\/comments?post=23"}],"version-history":[{"count":19,"href":"https:\/\/www.cosuletu-asociatii.ro\/de\/wp-json\/wp\/v2\/pages\/23\/revisions"}],"predecessor-version":[{"id":150,"href":"https:\/\/www.cosuletu-asociatii.ro\/de\/wp-json\/wp\/v2\/pages\/23\/revisions\/150"}],"up":[{"embeddable":true,"href":"https:\/\/www.cosuletu-asociatii.ro\/de\/wp-json\/wp\/v2\/pages\/5"}],"wp:attachment":[{"href":"https:\/\/www.cosuletu-asociatii.ro\/de\/wp-json\/wp\/v2\/media?parent=23"}],"curies":[{"name":"wp","href":"https:\/\/api.w.org\/{rel}","templated":true}]}}