{"id":21,"date":"2009-11-14T18:48:56","date_gmt":"2009-11-14T15:48:56","guid":{"rendered":"http:\/\/avocat.redesignyourself.ro\/?page_id=21"},"modified":"2010-06-22T16:50:32","modified_gmt":"2010-06-22T13:50:32","slug":"administratie-publica","status":"publish","type":"page","link":"https:\/\/www.cosuletu-asociatii.ro\/de\/expertiza\/administratie-publica","title":{"rendered":"\u00d6ffentliche Verwaltung"},"content":{"rendered":"<p><\/p>\n<p style=\"text-align: justify;\"><!-- \t\t@page { margin: 0.79in } \t\tP { margin-bottom: 0.08in } -->Die reiche Erfahrung unserer Gesellschaft in Sachen \u00f6ffentlicher Verwaltung begr\u00fcndet sich auf einer weitreichenden Reihe von T\u00e4tigkeiten, wie: <\/p>\n<ul style=\"text-align: justify;\">\n<li> Beratung betreffend \u00f6ffentlich-private Partnerschaften, Gestaltung der Vertr\u00e4ge \u00fcber \u00f6ffentliche Anschaffungen, Konzessionen, sachbereichorientierte Vertr\u00e4ge, <\/li>\n<li> Beratung betreffend Verwaltung des \u00f6ffentlichen und privaten Bereichs, <\/li>\n<li> Beratung im Bereich lokaler \u00f6ffentlicher Finanzen, <\/li>\n<li> Beratung betreffend die Arbeitsverh\u00e4ltnisse der \u00f6ffentlichen Beamten, <\/li>\n<li> Beratung betreffend die Arbeitsverh\u00e4ltnisse des auf Vertragsbasis angestellten und Gehalt beziehenden Personals, <\/li>\n<li> Beratung betreffend Organisation und Funktionieren der lokalen \u00f6ffentlichen Verwaltung, <\/li>\n<li> Verwaltung der vertraglichen Verh\u00e4ltnisse,<\/p>\n<li> Enteignungen zu \u00f6ffentlichen Zwecken, <\/li>\n<li> Gemeinschaftsdienstleistungen zu \u00f6ffentlichen Zwecken, <\/li>\n<li> Vertretung vor Gericht in Bereichen wie: Verwaltungsstreitigkeiten, \u00f6ffentliche Anschaffungen und Konzessionen, Steuern und Steuerwesen, \u00f6ffentlicher und privater Bereich der regionalen Verwaltungsbeh\u00f6rden. <\/li>\n<p><\/p>","protected":false},"excerpt":{"rendered":"<p>Die reiche Erfahrung unserer Gesellschaft in Sachen \u00f6ffentlicher Verwaltung begr\u00fcndet sich auf einer weitreichenden Reihe von T\u00e4tigkeiten, wie: <\/p>\n<p> Beratung betreffend \u00f6ffentlich-private Partnerschaften, Gestaltung der Vertr\u00e4ge \u00fcber \u00f6ffentliche Anschaffungen, Konzessionen, sachbereichorientierte Vertr\u00e4ge,<br \/>\n Beratung betreffend Verwaltung des \u00f6ffentlichen und privaten Bereichs,<br \/>\n Beratung im Bereich lokaler \u00f6ffentlicher Finanzen,<br \/>\n Beratung betreffend die Arbeitsverh\u00e4ltnisse der \u00f6ffentlichen Beamten,<br \/>\n Beratung betreffend die Arbeitsverh\u00e4ltnisse des auf Vertragsbasis angestellten und Gehalt beziehenden Personals,<br \/>\n Beratung betreffend Organisation und Funktionieren der lokalen \u00f6ffentlichen Verwaltung,<br \/>\n Verwaltung der vertraglichen Verh\u00e4ltnisse,<br \/>\n Enteignungen zu \u00f6ffentlichen Zwecken,<br \/>\n Gemeinschaftsdienstleistungen &#8230;<\/p>\n","protected":false},"author":1001004,"featured_media":0,"parent":5,"menu_order":2,"comment_status":"open","ping_status":"open","template":"servicii.php","meta":{"footnotes":""},"class_list":["post-21","page","type-page","status-publish","hentry"],"aioseo_notices":[],"_links":{"self":[{"href":"https:\/\/www.cosuletu-asociatii.ro\/de\/wp-json\/wp\/v2\/pages\/21","targetHints":{"allow":["GET"]}}],"collection":[{"href":"https:\/\/www.cosuletu-asociatii.ro\/de\/wp-json\/wp\/v2\/pages"}],"about":[{"href":"https:\/\/www.cosuletu-asociatii.ro\/de\/wp-json\/wp\/v2\/types\/page"}],"author":[{"embeddable":true,"href":"https:\/\/www.cosuletu-asociatii.ro\/de\/wp-json\/wp\/v2\/users\/1001004"}],"replies":[{"embeddable":true,"href":"https:\/\/www.cosuletu-asociatii.ro\/de\/wp-json\/wp\/v2\/comments?post=21"}],"version-history":[{"count":24,"href":"https:\/\/www.cosuletu-asociatii.ro\/de\/wp-json\/wp\/v2\/pages\/21\/revisions"}],"predecessor-version":[{"id":336,"href":"https:\/\/www.cosuletu-asociatii.ro\/de\/wp-json\/wp\/v2\/pages\/21\/revisions\/336"}],"up":[{"embeddable":true,"href":"https:\/\/www.cosuletu-asociatii.ro\/de\/wp-json\/wp\/v2\/pages\/5"}],"wp:attachment":[{"href":"https:\/\/www.cosuletu-asociatii.ro\/de\/wp-json\/wp\/v2\/media?parent=21"}],"curies":[{"name":"wp","href":"https:\/\/api.w.org\/{rel}","templated":true}]}}