{"id":2,"date":"2009-10-21T18:53:34","date_gmt":"2009-10-21T15:53:34","guid":{"rendered":"http:\/\/avocat.redesignyourself.ro\/?page_id=2"},"modified":"2010-06-22T19:48:50","modified_gmt":"2010-06-22T16:48:50","slug":"despre-noi","status":"publish","type":"page","link":"https:\/\/www.cosuletu-asociatii.ro\/de\/despre-noi","title":{"rendered":"Uber Uns"},"content":{"rendered":"<p><\/p>\n<p style=\"text-align: justify;\">Unsere Einstellung fu\u00dft auf vier, unseres Erachtens nach wesentlichen Grunds\u00e4tzen:<\/p>\n<p style=\"text-align: justify;\"><strong>Engagement<\/strong><\/p>\n<p style=\"text-align: justify;\">Unser Vorsatz ist das erfolgreiche abschlie\u00dfen jedes Auftrags, im Sinne der Ziele unserer Kunden. Wir analysieren und vertiefen die Eigenheiten des gesch\u00e4ftlichen Umfelds unseres Kunden und ziehen die Besonderheiten seiner Handelsbeziehungen in Betracht. Wir gewinnen Einsicht in das Gesch\u00e4ft unseres Kunden und erstellen optimale und wirksame L\u00f6sungen.<\/p>\n<p style=\"text-align: justify;\"><strong>Bestleistung<\/strong><\/p>\n<p style=\"text-align: justify;\">Wir verfolgen und erhalten unsere Leistung auf h\u00f6chstem Niveau, sowie die Wettbewerbsf\u00e4higkeit aller unserer Aktionen. Im Mittelpunkt unseres st\u00e4ndigen Bem\u00fchens steht die Qualit\u00e4t unserer Dienstleistungen. Das Vertrauen unserer Partner haben wir durch unser professionelles Herangehen an jede unserer Fachkompetenz unterbreiteten Angelegenheit gewonnen.<\/p>\n<p style=\"text-align: justify;\"><strong>Flexibilit\u00e4t<\/strong><\/p>\n<p style=\"text-align: justify;\">Erfahrung hat unsere Arbeitsmethoden bereichert, unsere Impulse erzogen und unsere Herangehensweisen nuanciert. Die Anstrengungen der Rechtsanw\u00e4lte in jedem Auftrag f\u00fchren zu einer Strategie, angepasst an die Art der Aufgabe, die Eigenheiten des gegnerischen Gespr\u00e4chspartners sowie an jedes sonstige f\u00fcr die entstandene Beziehung relevante Element. Wir reagieren immer flexibel auf die aus den konkreten Umst\u00e4nden unserer Kunden hervorgegangenen Erfordernisse.<\/p>\n<p style=\"text-align: justify;\"><strong>Weitblick<\/strong><\/p>\n<p style=\"text-align: justify;\">Jede unseren Kunden angebotene rechtliches Auslegung fu\u00dft auf Einsicht der Realit\u00e4t und einer umfassenden Sch\u00e4tzung der Marktorientierung. In den angebotenen L\u00f6sungen antizipieren wir die m\u00f6gliche Dynamik der wirtschaftlichen und rechtlichen Vorg\u00e4nge, zwecks Erstellen der optimalen Formulierung. Ob L\u00f6sen einer akuten Krise, Bestimmen des besten Herangehens an eine sensible Situation oder das Erstellen einer Strategie f\u00fcr die Entwicklung einer mittel- oder langfristigen vertraglichen Beziehung, alle sind auf dem weitsichtigen Einbeziehen aller relevanten Faktoren begr\u00fcndet.<\/p>\n<p><\/p>","protected":false},"excerpt":{"rendered":"<p>Unsere Einstellung fu\u00dft auf vier, unseres Erachtens nach wesentlichen Grunds\u00e4tzen:<br \/>\nEngagement<br \/>\nUnser Vorsatz ist das erfolgreiche abschlie\u00dfen jedes Auftrags, im Sinne der Ziele unserer Kunden. Wir analysieren und vertiefen die Eigenheiten des gesch\u00e4ftlichen Umfelds unseres Kunden und ziehen die Besonderheiten seiner Handelsbeziehungen in Betracht. Wir gewinnen Einsicht in das Gesch\u00e4ft unseres Kunden und erstellen optimale und wirksame L\u00f6sungen.<br \/>\nBestleistung<br \/>\nWir verfolgen und erhalten unsere Leistung auf h\u00f6chstem Niveau, sowie die Wettbewerbsf\u00e4higkeit aller unserer Aktionen. Im Mittelpunkt unseres st\u00e4ndigen Bem\u00fchens steht die Qualit\u00e4t unserer Dienstleistungen. Das Vertrauen unserer Partner haben wir durch unser professionelles Herangehen &#8230;<\/p>\n","protected":false},"author":1001004,"featured_media":0,"parent":0,"menu_order":0,"comment_status":"open","ping_status":"open","template":"despre.php","meta":{"footnotes":""},"class_list":["post-2","page","type-page","status-publish","hentry"],"aioseo_notices":[],"_links":{"self":[{"href":"https:\/\/www.cosuletu-asociatii.ro\/de\/wp-json\/wp\/v2\/pages\/2","targetHints":{"allow":["GET"]}}],"collection":[{"href":"https:\/\/www.cosuletu-asociatii.ro\/de\/wp-json\/wp\/v2\/pages"}],"about":[{"href":"https:\/\/www.cosuletu-asociatii.ro\/de\/wp-json\/wp\/v2\/types\/page"}],"author":[{"embeddable":true,"href":"https:\/\/www.cosuletu-asociatii.ro\/de\/wp-json\/wp\/v2\/users\/1001004"}],"replies":[{"embeddable":true,"href":"https:\/\/www.cosuletu-asociatii.ro\/de\/wp-json\/wp\/v2\/comments?post=2"}],"version-history":[{"count":20,"href":"https:\/\/www.cosuletu-asociatii.ro\/de\/wp-json\/wp\/v2\/pages\/2\/revisions"}],"predecessor-version":[{"id":3,"href":"https:\/\/www.cosuletu-asociatii.ro\/de\/wp-json\/wp\/v2\/pages\/2\/revisions\/3"}],"wp:attachment":[{"href":"https:\/\/www.cosuletu-asociatii.ro\/de\/wp-json\/wp\/v2\/media?parent=2"}],"curies":[{"name":"wp","href":"https:\/\/api.w.org\/{rel}","templated":true}]}}