{"id":17,"date":"2009-11-14T18:48:20","date_gmt":"2009-11-14T15:48:20","guid":{"rendered":"http:\/\/avocat.redesignyourself.ro\/?page_id=17"},"modified":"2010-06-22T15:20:27","modified_gmt":"2010-06-22T12:20:27","slug":"achizitii-publice","status":"publish","type":"page","link":"https:\/\/www.cosuletu-asociatii.ro\/de\/expertiza\/achizitii-publice","title":{"rendered":"\u00d6ffentliche Anschaffungen"},"content":{"rendered":"<p><\/p>\n<p style=\"text-align: justify;\"><!-- \t\t@page { margin: 0.79in } \t\tP { margin-bottom: 0.08in } \t\tA:link { so-language: zxx } --> <!-- \t\t@page { margin: 0.79in } \t\tP { margin-bottom: 0.08in } -->Die in der gegenw\u00e4rtigen Wirtschaftskonjunktur erlangte Bedeutung des Bereichs \u00f6ffentlicher Anschaffungen und Konzessionen findet sich in den von unserer Gesellschaft angebotenen Dienstleistungen wieder.<\/p>\n<p style=\"text-align: justify;\">Wir kommen den Erfordernissen und Bed\u00fcrfnissen der \u00f6ffentlichen Auftraggeber sowie der privaten Gesellschaften entgegen, durch:<\/p>\n<ul style=\"text-align: justify;\">\n<li>Beratung betreffend die Vorbereitung der Vergabeunterlagen,<\/li>\n<li>Gestaltung und Erstellen der Vertr\u00e4ge \u00fcber \u00f6ffentliche Anschaffungen und Konzessionen,<\/li>\n<li>Beratung w\u00e4hrend des Vergabeverfahrens;<\/li>\n<li>Beratung w\u00e4hrend der Durchf\u00fchrung der Vertr\u00e4ge \u00fcber \u00f6ffentliche Anschaffungen und Konzessionen;<\/li>\n<li>Rechtsberatung und Vertretung der Kunden gegen\u00fcber \u00f6ffentlicher Beh\u00f6rden und vor Gericht in Streitigkeiten betreffend Vergabeverfahren und Durchf\u00fchrung von Vertr\u00e4gen \u00fcber \u00f6ffentliche Anschaffungen und Konzessionen.<\/li>\n<\/ul>\n<p style=\"text-align: justify;\">\n<p><\/p>","protected":false},"excerpt":{"rendered":"<p> Die in der gegenw\u00e4rtigen Wirtschaftskonjunktur erlangte Bedeutung des Bereichs \u00f6ffentlicher Anschaffungen und Konzessionen findet sich in den von unserer Gesellschaft angebotenen Dienstleistungen wieder.<br \/>\nWir kommen den Erfordernissen und Bed\u00fcrfnissen der \u00f6ffentlichen Auftraggeber sowie der privaten Gesellschaften entgegen, durch:<\/p>\n<p>Beratung betreffend die Vorbereitung der Vergabeunterlagen,<br \/>\nGestaltung und Erstellen der Vertr\u00e4ge \u00fcber \u00f6ffentliche Anschaffungen und Konzessionen,<br \/>\nBeratung w\u00e4hrend des Vergabeverfahrens;<br \/>\nBeratung w\u00e4hrend der Durchf\u00fchrung der Vertr\u00e4ge \u00fcber \u00f6ffentliche Anschaffungen und Konzessionen;<br \/>\nRechtsberatung und Vertretung der Kunden gegen\u00fcber \u00f6ffentlicher Beh\u00f6rden und vor Gericht in Streitigkeiten betreffend Vergabeverfahren und Durchf\u00fchrung von Vertr\u00e4gen \u00fcber \u00f6ffentliche Anschaffungen und Konzessionen.<\/p>\n","protected":false},"author":1001004,"featured_media":0,"parent":5,"menu_order":0,"comment_status":"open","ping_status":"open","template":"servicii.php","meta":{"footnotes":""},"class_list":["post-17","page","type-page","status-publish","hentry"],"aioseo_notices":[],"_links":{"self":[{"href":"https:\/\/www.cosuletu-asociatii.ro\/de\/wp-json\/wp\/v2\/pages\/17","targetHints":{"allow":["GET"]}}],"collection":[{"href":"https:\/\/www.cosuletu-asociatii.ro\/de\/wp-json\/wp\/v2\/pages"}],"about":[{"href":"https:\/\/www.cosuletu-asociatii.ro\/de\/wp-json\/wp\/v2\/types\/page"}],"author":[{"embeddable":true,"href":"https:\/\/www.cosuletu-asociatii.ro\/de\/wp-json\/wp\/v2\/users\/1001004"}],"replies":[{"embeddable":true,"href":"https:\/\/www.cosuletu-asociatii.ro\/de\/wp-json\/wp\/v2\/comments?post=17"}],"version-history":[{"count":19,"href":"https:\/\/www.cosuletu-asociatii.ro\/de\/wp-json\/wp\/v2\/pages\/17\/revisions"}],"predecessor-version":[{"id":330,"href":"https:\/\/www.cosuletu-asociatii.ro\/de\/wp-json\/wp\/v2\/pages\/17\/revisions\/330"}],"up":[{"embeddable":true,"href":"https:\/\/www.cosuletu-asociatii.ro\/de\/wp-json\/wp\/v2\/pages\/5"}],"wp:attachment":[{"href":"https:\/\/www.cosuletu-asociatii.ro\/de\/wp-json\/wp\/v2\/media?parent=17"}],"curies":[{"name":"wp","href":"https:\/\/api.w.org\/{rel}","templated":true}]}}