{"id":15,"date":"2009-10-21T19:53:52","date_gmt":"2009-10-21T16:53:52","guid":{"rendered":"http:\/\/avocat.redesignyourself.ro\/?page_id=15"},"modified":"2019-02-11T13:32:15","modified_gmt":"2019-02-11T10:32:15","slug":"contact","status":"publish","type":"page","link":"https:\/\/www.cosuletu-asociatii.ro\/de\/contact","title":{"rendered":"Kontakt"},"content":{"rendered":"<p><strong>Bv. S.C.A. Co\u015fule\u0163u \u015fi Asocia\u0163ii CUI: 24153443<\/strong><\/p>\n<p>Anschrift:<br \/>\nStr. Paun Pincio Nr. 4, Apt. 1, Jud. Brasov, Rum\u00e4nien<br \/>\n500010<br \/>\nTel\/Fax: (004) 0268 41 21 77<br \/>\nE-Mail: office@cosuletu-asociatii.ro<br \/>\nWeb: www.cosuletu-asociatii.ro<br \/>\n\n<div class=\"wpcf7 no-js\" id=\"wpcf7-f423-o3\" lang=\"en-US\" dir=\"ltr\" data-wpcf7-id=\"423\">\n<div class=\"screen-reader-response\"><p role=\"status\" aria-live=\"polite\" aria-atomic=\"true\"><\/p> <ul><\/ul><\/div>\n<form action=\"\/de\/wp-json\/wp\/v2\/pages\/15#wpcf7-f423-o3\" method=\"post\" class=\"wpcf7-form init\" aria-label=\"Contact form\" novalidate=\"novalidate\" data-status=\"init\">\n<fieldset class=\"hidden-fields-container\"><input type=\"hidden\" name=\"_wpcf7\" value=\"423\" \/><input type=\"hidden\" name=\"_wpcf7_version\" value=\"6.1.5\" \/><input type=\"hidden\" name=\"_wpcf7_locale\" value=\"en_US\" \/><input type=\"hidden\" name=\"_wpcf7_unit_tag\" value=\"wpcf7-f423-o3\" \/><input type=\"hidden\" name=\"_wpcf7_container_post\" value=\"0\" \/><input type=\"hidden\" name=\"_wpcf7_posted_data_hash\" value=\"\" \/>\n<\/fieldset>\n<p>Your Name (required)\n<\/p>\n<p><span class=\"wpcf7-form-control-wrap\" data-name=\"your-name\"><input size=\"40\" maxlength=\"400\" class=\"wpcf7-form-control wpcf7-text wpcf7-validates-as-required\" aria-required=\"true\" aria-invalid=\"false\" value=\"\" type=\"text\" name=\"your-name\" \/><\/span>\n<\/p>\n<p>Your Email (required)\n<\/p>\n<p><span class=\"wpcf7-form-control-wrap\" data-name=\"your-email\"><input size=\"40\" maxlength=\"400\" class=\"wpcf7-form-control wpcf7-email wpcf7-validates-as-required wpcf7-text wpcf7-validates-as-email\" aria-required=\"true\" aria-invalid=\"false\" value=\"\" type=\"email\" name=\"your-email\" \/><\/span>\n<\/p>\n<p>Subject\n<\/p>\n<p><span class=\"wpcf7-form-control-wrap\" data-name=\"your-subject\"><input size=\"40\" maxlength=\"400\" class=\"wpcf7-form-control wpcf7-text\" aria-invalid=\"false\" value=\"\" type=\"text\" name=\"your-subject\" \/><\/span>\n<\/p>\n<p>Your Message\n<\/p>\n<p><span class=\"wpcf7-form-control-wrap\" data-name=\"your-message\"><textarea cols=\"40\" rows=\"10\" maxlength=\"2000\" class=\"wpcf7-form-control wpcf7-textarea\" aria-invalid=\"false\" name=\"your-message\"><\/textarea><\/span>\n<\/p>\n<p><input class=\"wpcf7-form-control wpcf7-submit has-spinner\" type=\"submit\" value=\"Send\" \/>\n<\/p><p style=\"display: none !important;\" class=\"akismet-fields-container\" data-prefix=\"_wpcf7_ak_\"><label>&#916;<textarea name=\"_wpcf7_ak_hp_textarea\" cols=\"45\" rows=\"8\" maxlength=\"100\"><\/textarea><\/label><input type=\"hidden\" id=\"ak_js_3\" name=\"_wpcf7_ak_js\" value=\"92\"\/><script>document.getElementById( \"ak_js_3\" ).setAttribute( \"value\", ( new Date() ).getTime() );<\/script><\/p><div class=\"wpcf7-response-output\" aria-hidden=\"true\"><\/div>\n<\/form>\n<\/div>\n<\/p>","protected":false},"excerpt":{"rendered":"<p>Bv. S.C.A. Co\u015fule\u0163u \u015fi Asocia\u0163ii CUI: 24153443<br \/>\nAnschrift:<br \/>\nStr. Paun Pincio Nr. 4, Apt. 1, Jud. Brasov, Rum\u00e4nien<br \/>\n500010<br \/>\nTel\/Fax: (004) 0268 41 21 77<br \/>\nE-Mail: office@cosuletu-asociatii.ro<br \/>\nWeb: www.cosuletu-asociatii.ro<\/p>\n","protected":false},"author":1001004,"featured_media":0,"parent":0,"menu_order":0,"comment_status":"open","ping_status":"open","template":"contact.php","meta":{"footnotes":""},"class_list":["post-15","page","type-page","status-publish","hentry"],"aioseo_notices":[],"_links":{"self":[{"href":"https:\/\/www.cosuletu-asociatii.ro\/de\/wp-json\/wp\/v2\/pages\/15","targetHints":{"allow":["GET"]}}],"collection":[{"href":"https:\/\/www.cosuletu-asociatii.ro\/de\/wp-json\/wp\/v2\/pages"}],"about":[{"href":"https:\/\/www.cosuletu-asociatii.ro\/de\/wp-json\/wp\/v2\/types\/page"}],"author":[{"embeddable":true,"href":"https:\/\/www.cosuletu-asociatii.ro\/de\/wp-json\/wp\/v2\/users\/1001004"}],"replies":[{"embeddable":true,"href":"https:\/\/www.cosuletu-asociatii.ro\/de\/wp-json\/wp\/v2\/comments?post=15"}],"version-history":[{"count":15,"href":"https:\/\/www.cosuletu-asociatii.ro\/de\/wp-json\/wp\/v2\/pages\/15\/revisions"}],"predecessor-version":[{"id":436,"href":"https:\/\/www.cosuletu-asociatii.ro\/de\/wp-json\/wp\/v2\/pages\/15\/revisions\/436"}],"wp:attachment":[{"href":"https:\/\/www.cosuletu-asociatii.ro\/de\/wp-json\/wp\/v2\/media?parent=15"}],"curies":[{"name":"wp","href":"https:\/\/api.w.org\/{rel}","templated":true}]}}